{"id":15,"date":"2020-04-23T12:37:24","date_gmt":"2020-04-23T15:37:24","guid":{"rendered":"http:\/\/drapatriciavarella.com.br\/teleconsulta\/?page_id=15"},"modified":"2022-09-29T16:31:51","modified_gmt":"2022-09-29T19:31:51","slug":"home","status":"publish","type":"page","link":"https:\/\/drapatriciavarella.com.br\/consulta\/","title":{"rendered":"home"},"content":{"rendered":"\n<h2 class=\"title\">Ginecologista especialista em Infertilidade<\/h2>\n\n\n\n<p>O principal objetivo dessa consulta \u00e9 que a mulher tenha a tranquilidade, sinta-se cuidada em sua sa\u00fade ginecol\u00f3gica, obst\u00e9trica e reprodutiva, tendo uma aliada nas constantes melhorias.<\/p>\n\n\n\n<p>A ginecologista especialista em infertilidade pode, dependendo do caso, aplicar tratamentos b\u00e1sicos contra infertilidade ou ent\u00e3o partir para outros tratamentos mais espec\u00edficos, como as t\u00e9cnicas de reprodu\u00e7\u00e3o assistida -insemina\u00e7\u00e3o intrauterina e fertiliza\u00e7\u00e3o in vitro (FIV).<\/p>\n\n\n\n<p>\u00c9 importante destacar que a escolha do melhor tratamento depender\u00e1 de alguns fatores. Mas, o que a maioria das t\u00e9cnicas de tratamento t\u00eam em comum \u00e9 o objetivo de dar uma ajuda \u00e0 natureza, para que o casal tenha uma maior chance de fertilizar, formar um embri\u00e3o e uma gesta\u00e7\u00e3o saud\u00e1vel.<\/p>\n","protected":false},"excerpt":{"rendered":"<p>Ginecologista especialista em Infertilidade O principal objetivo dessa consulta \u00e9 que a mulher tenha a tranquilidade, sinta-se cuidada em sua sa\u00fade ginecol\u00f3gica, obst\u00e9trica e reprodutiva, tendo uma aliada nas constantes melhorias. A ginecologista especialista em infertilidade pode, dependendo do caso, aplicar tratamentos b\u00e1sicos contra infertilidade ou ent\u00e3o partir para outros tratamentos mais espec\u00edficos, como as [&hellip;]<\/p>\n","protected":false},"author":1,"featured_media":0,"parent":0,"menu_order":0,"comment_status":"closed","ping_status":"closed","template":"","meta":{"footnotes":""},"class_list":["post-15","page","type-page","status-publish","hentry"],"yoast_head":"<!-- This site is optimized with the Yoast SEO plugin v27.6 - https:\/\/yoast.com\/product\/yoast-seo-wordpress\/ -->\n<title>home - Dra. Patr\u00edcia Varella<\/title>\n<meta name=\"description\" content=\"O principal objetivo dessa consulta \u00e9 que a mulher tenha a tranquilidade, sinta-se cuidada em sua sa\u00fade ginecol\u00f3gica, obst\u00e9trica e reprodutiva, tendo uma aliada nas constantes melhorias.\" \/>\n<meta name=\"robots\" content=\"index, follow, max-snippet:-1, max-image-preview:large, max-video-preview:-1\" \/>\n<link rel=\"canonical\" href=\"https:\/\/drapatriciavarella.com.br\/consulta\/\" \/>\n<meta property=\"og:locale\" content=\"pt_BR\" \/>\n<meta property=\"og:type\" content=\"article\" \/>\n<meta property=\"og:title\" content=\"home - Dra. Patr\u00edcia Varella\" \/>\n<meta property=\"og:description\" content=\"O principal objetivo dessa consulta \u00e9 que a mulher tenha a tranquilidade, sinta-se cuidada em sua sa\u00fade ginecol\u00f3gica, obst\u00e9trica e reprodutiva, tendo uma aliada nas constantes melhorias.\" \/>\n<meta property=\"og:url\" content=\"https:\/\/drapatriciavarella.com.br\/consulta\/\" \/>\n<meta property=\"og:site_name\" content=\"Dra. Patr\u00edcia Varella\" \/>\n<meta property=\"article:modified_time\" content=\"2022-09-29T19:31:51+00:00\" \/>\n<meta name=\"twitter:card\" content=\"summary_large_image\" \/>\n<meta name=\"twitter:label1\" content=\"Est. tempo de leitura\" \/>\n\t<meta name=\"twitter:data1\" content=\"1 minuto\" \/>\n<script type=\"application\/ld+json\" class=\"yoast-schema-graph\">{\"@context\":\"https:\\\/\\\/schema.org\",\"@graph\":[{\"@type\":\"WebPage\",\"@id\":\"https:\\\/\\\/drapatriciavarella.com.br\\\/consulta\\\/\",\"url\":\"https:\\\/\\\/drapatriciavarella.com.br\\\/consulta\\\/\",\"name\":\"home - Dra. Patr\u00edcia Varella\",\"isPartOf\":{\"@id\":\"https:\\\/\\\/drapatriciavarella.com.br\\\/consulta\\\/#website\"},\"datePublished\":\"2020-04-23T15:37:24+00:00\",\"dateModified\":\"2022-09-29T19:31:51+00:00\",\"description\":\"O principal objetivo dessa consulta \u00e9 que a mulher tenha a tranquilidade, sinta-se cuidada em sua sa\u00fade ginecol\u00f3gica, obst\u00e9trica e reprodutiva, tendo uma aliada nas constantes melhorias.\",\"breadcrumb\":{\"@id\":\"https:\\\/\\\/drapatriciavarella.com.br\\\/consulta\\\/#breadcrumb\"},\"inLanguage\":\"pt-BR\",\"potentialAction\":[{\"@type\":\"ReadAction\",\"target\":[\"https:\\\/\\\/drapatriciavarella.com.br\\\/consulta\\\/\"]}]},{\"@type\":\"BreadcrumbList\",\"@id\":\"https:\\\/\\\/drapatriciavarella.com.br\\\/consulta\\\/#breadcrumb\",\"itemListElement\":[{\"@type\":\"ListItem\",\"position\":1,\"name\":\"In\u00edcio\",\"item\":\"https:\\\/\\\/drapatriciavarella.com.br\\\/consulta\\\/\"},{\"@type\":\"ListItem\",\"position\":2,\"name\":\"home\"}]},{\"@type\":\"WebSite\",\"@id\":\"https:\\\/\\\/drapatriciavarella.com.br\\\/consulta\\\/#website\",\"url\":\"https:\\\/\\\/drapatriciavarella.com.br\\\/consulta\\\/\",\"name\":\"Dra. Patr\u00edcia Varella\",\"description\":\"Ginecologia - Obstetr\u00edcia - Reprodu\u00e7\u00e3o Humana\",\"potentialAction\":[{\"@type\":\"SearchAction\",\"target\":{\"@type\":\"EntryPoint\",\"urlTemplate\":\"https:\\\/\\\/drapatriciavarella.com.br\\\/consulta\\\/?s={search_term_string}\"},\"query-input\":{\"@type\":\"PropertyValueSpecification\",\"valueRequired\":true,\"valueName\":\"search_term_string\"}}],\"inLanguage\":\"pt-BR\"}]}<\/script>\n<!-- \/ Yoast SEO plugin. -->","yoast_head_json":{"title":"home - Dra. Patr\u00edcia Varella","description":"O principal objetivo dessa consulta \u00e9 que a mulher tenha a tranquilidade, sinta-se cuidada em sua sa\u00fade ginecol\u00f3gica, obst\u00e9trica e reprodutiva, tendo uma aliada nas constantes melhorias.","robots":{"index":"index","follow":"follow","max-snippet":"max-snippet:-1","max-image-preview":"max-image-preview:large","max-video-preview":"max-video-preview:-1"},"canonical":"https:\/\/drapatriciavarella.com.br\/consulta\/","og_locale":"pt_BR","og_type":"article","og_title":"home - Dra. Patr\u00edcia Varella","og_description":"O principal objetivo dessa consulta \u00e9 que a mulher tenha a tranquilidade, sinta-se cuidada em sua sa\u00fade ginecol\u00f3gica, obst\u00e9trica e reprodutiva, tendo uma aliada nas constantes melhorias.","og_url":"https:\/\/drapatriciavarella.com.br\/consulta\/","og_site_name":"Dra. Patr\u00edcia Varella","article_modified_time":"2022-09-29T19:31:51+00:00","twitter_card":"summary_large_image","twitter_misc":{"Est. tempo de leitura":"1 minuto"},"schema":{"@context":"https:\/\/schema.org","@graph":[{"@type":"WebPage","@id":"https:\/\/drapatriciavarella.com.br\/consulta\/","url":"https:\/\/drapatriciavarella.com.br\/consulta\/","name":"home - Dra. Patr\u00edcia Varella","isPartOf":{"@id":"https:\/\/drapatriciavarella.com.br\/consulta\/#website"},"datePublished":"2020-04-23T15:37:24+00:00","dateModified":"2022-09-29T19:31:51+00:00","description":"O principal objetivo dessa consulta \u00e9 que a mulher tenha a tranquilidade, sinta-se cuidada em sua sa\u00fade ginecol\u00f3gica, obst\u00e9trica e reprodutiva, tendo uma aliada nas constantes melhorias.","breadcrumb":{"@id":"https:\/\/drapatriciavarella.com.br\/consulta\/#breadcrumb"},"inLanguage":"pt-BR","potentialAction":[{"@type":"ReadAction","target":["https:\/\/drapatriciavarella.com.br\/consulta\/"]}]},{"@type":"BreadcrumbList","@id":"https:\/\/drapatriciavarella.com.br\/consulta\/#breadcrumb","itemListElement":[{"@type":"ListItem","position":1,"name":"In\u00edcio","item":"https:\/\/drapatriciavarella.com.br\/consulta\/"},{"@type":"ListItem","position":2,"name":"home"}]},{"@type":"WebSite","@id":"https:\/\/drapatriciavarella.com.br\/consulta\/#website","url":"https:\/\/drapatriciavarella.com.br\/consulta\/","name":"Dra. Patr\u00edcia Varella","description":"Ginecologia - Obstetr\u00edcia - Reprodu\u00e7\u00e3o Humana","potentialAction":[{"@type":"SearchAction","target":{"@type":"EntryPoint","urlTemplate":"https:\/\/drapatriciavarella.com.br\/consulta\/?s={search_term_string}"},"query-input":{"@type":"PropertyValueSpecification","valueRequired":true,"valueName":"search_term_string"}}],"inLanguage":"pt-BR"}]}},"_links":{"self":[{"href":"https:\/\/drapatriciavarella.com.br\/consulta\/wp-json\/wp\/v2\/pages\/15","targetHints":{"allow":["GET"]}}],"collection":[{"href":"https:\/\/drapatriciavarella.com.br\/consulta\/wp-json\/wp\/v2\/pages"}],"about":[{"href":"https:\/\/drapatriciavarella.com.br\/consulta\/wp-json\/wp\/v2\/types\/page"}],"author":[{"embeddable":true,"href":"https:\/\/drapatriciavarella.com.br\/consulta\/wp-json\/wp\/v2\/users\/1"}],"replies":[{"embeddable":true,"href":"https:\/\/drapatriciavarella.com.br\/consulta\/wp-json\/wp\/v2\/comments?post=15"}],"version-history":[{"count":11,"href":"https:\/\/drapatriciavarella.com.br\/consulta\/wp-json\/wp\/v2\/pages\/15\/revisions"}],"predecessor-version":[{"id":60,"href":"https:\/\/drapatriciavarella.com.br\/consulta\/wp-json\/wp\/v2\/pages\/15\/revisions\/60"}],"wp:attachment":[{"href":"https:\/\/drapatriciavarella.com.br\/consulta\/wp-json\/wp\/v2\/media?parent=15"}],"curies":[{"name":"wp","href":"https:\/\/api.w.org\/{rel}","templated":true}]}}